{"id":1340,"date":"2020-07-31T12:35:48","date_gmt":"2020-07-31T12:35:48","guid":{"rendered":"http:\/\/quanticalabs.com\/wp_themes\/gymbase\/?page_id=1340"},"modified":"2022-02-04T14:45:06","modified_gmt":"2022-02-04T19:45:06","slug":"sobreartelfitness","status":"publish","type":"page","link":"https:\/\/artelfitness.com\/es\/sobreartelfitness\/","title":{"rendered":"Sobre Artel Fitness"},"content":{"rendered":"<p>[vc_row type=\u00bbfull-width\u00bb top_margin=\u00bbpage-margin-top-section\u00bb css=\u00bb.vc_custom_1624753055034{background-color: #144440 !important;}\u00bb][vc_column top_margin=\u00bbpage-margin-top-section\u00bb width=\u00bb1\/2&#8243; css=\u00bb.vc_custom_1644003904702{padding-right: 20px !important;padding-left: 20px !important;background-position: 0 0 !important;background-repeat: no-repeat !important;}\u00bb el_class=\u00bbcolumn-limited full-height\u00bb][vc_column_text el_class=\u00bbmargin-top-15&#8243;]<\/p>\n<h2><span style=\"color: #ffffff;\">El M\u00e9todo Artel<\/span><\/h2>\n<p>[\/vc_column_text][vc_column_text el_class=\u00bbmargin-top-15&#8243;]<\/p>\n<h4><span style=\"color: #ffffff;\"><strong>Nuestro entrenamiento de m\u00faltiples ajustes busca mantener su cuerpo en constante movimiento como el componente m\u00e1s importante de su r\u00e9gimen de entrenamiento.<\/strong><\/span><\/h4>\n<p>[\/vc_column_text][vc_column_text el_class=\u00bbmargin-top-15&#8243;]<span class=\"Y2IQFc\" lang=\"es\" style=\"color: #ffffff;\">Nuestro m\u00e9todo funcional utiliza entrenamientos en intervalos o en circuito para producir una experiencia de ejercicios de alta intensidad. Incorporamos equipos como Kettlebells, cuerdas de batalla, Plyo-Boxes y ejercicios de peso corporal para aumentar el gasto de calor\u00edas y desarrollar los m\u00fasculos.<\/span>[\/vc_column_text][\/vc_column][vc_column width=\u00bb1\/2&#8243;][vc_single_image image=\u00bb1578&#8243; img_size=\u00bbblog-post-thumb\u00bb el_class=\u00bbpage-margin-top\u00bb][\/vc_column][\/vc_row]<\/p>\n","protected":false},"excerpt":{"rendered":"<p>[vc_row type=\u00bbfull-width\u00bb top_margin=\u00bbpage-margin-top-section\u00bb css=\u00bb.vc_custom_1624753055034{background-color: #144440 !important;}\u00bb][vc_column top_margin=\u00bbpage-margin-top-section\u00bb width=\u00bb1\/2&#8243; css=\u00bb.vc_custom_1644003904702{padding-right: 20px !important;padding-left: 20px !important;background-position: 0 0 !important;background-repeat: no-repeat !important;}\u00bb el_class=\u00bbcolumn-limited full-height\u00bb][vc_column_text el_class=\u00bbmargin-top-15&#8243;] El M\u00e9todo Artel [\/vc_column_text][vc_column_text el_class=\u00bbmargin-top-15&#8243;] Nuestro entrenamiento de m\u00faltiples ajustes busca mantener su cuerpo en constante movimiento como el componente m\u00e1s importante de su r\u00e9gimen de entrenamiento. [\/vc_column_text][vc_column_text el_class=\u00bbmargin-top-15&#8243;]Nuestro m\u00e9todo funcional utiliza entrenamientos en<\/p>\n","protected":false},"author":1,"featured_media":0,"parent":0,"menu_order":0,"comment_status":"closed","ping_status":"closed","template":"","meta":[],"yoast_head":"<!-- This site is optimized with the Yoast SEO plugin v18.5.1 - https:\/\/yoast.com\/wordpress\/plugins\/seo\/ -->\n<title>Sobre Artel Fitness - Artel Fitness Latinoam\u00e9rica<\/title>\n<meta name=\"robots\" content=\"index, follow, max-snippet:-1, max-image-preview:large, max-video-preview:-1\" \/>\n<link rel=\"canonical\" href=\"https:\/\/artelfitness.com\/es\/sobreartelfitness\/\" \/>\n<meta property=\"og:locale\" content=\"es_ES\" \/>\n<meta property=\"og:type\" content=\"article\" \/>\n<meta property=\"og:title\" content=\"Sobre Artel Fitness - Artel Fitness Latinoam\u00e9rica\" \/>\n<meta property=\"og:description\" content=\"[vc_row type=\u00bbfull-width\u00bb top_margin=\u00bbpage-margin-top-section\u00bb css=\u00bb.vc_custom_1624753055034{background-color: #144440 !important;}\u00bb][vc_column top_margin=\u00bbpage-margin-top-section\u00bb width=\u00bb1\/2&#8243; css=\u00bb.vc_custom_1644003904702{padding-right: 20px !important;padding-left: 20px !important;background-position: 0 0 !important;background-repeat: no-repeat !important;}\u00bb el_class=\u00bbcolumn-limited full-height\u00bb][vc_column_text el_class=\u00bbmargin-top-15&#8243;] El M\u00e9todo Artel [\/vc_column_text][vc_column_text el_class=\u00bbmargin-top-15&#8243;] Nuestro entrenamiento de m\u00faltiples ajustes busca mantener su cuerpo en constante movimiento como el componente m\u00e1s importante de su r\u00e9gimen de entrenamiento. [\/vc_column_text][vc_column_text el_class=\u00bbmargin-top-15&#8243;]Nuestro m\u00e9todo funcional utiliza entrenamientos en\" \/>\n<meta property=\"og:url\" content=\"https:\/\/artelfitness.com\/es\/sobreartelfitness\/\" \/>\n<meta property=\"og:site_name\" content=\"Artel Fitness Latinoam\u00e9rica\" \/>\n<meta property=\"article:modified_time\" content=\"2022-02-04T19:45:06+00:00\" \/>\n<meta name=\"twitter:card\" content=\"summary_large_image\" \/>\n<meta name=\"twitter:label1\" content=\"Tiempo de lectura\" \/>\n\t<meta name=\"twitter:data1\" content=\"1 minuto\" \/>\n<script type=\"application\/ld+json\" class=\"yoast-schema-graph\">{\"@context\":\"https:\/\/schema.org\",\"@graph\":[{\"@type\":\"WebSite\",\"@id\":\"https:\/\/artelfitness.com\/es\/#website\",\"url\":\"https:\/\/artelfitness.com\/es\/\",\"name\":\"Artel Fitness Latinoam\u00e9rica\",\"description\":\"Planes de Entrenamiento\",\"potentialAction\":[{\"@type\":\"SearchAction\",\"target\":{\"@type\":\"EntryPoint\",\"urlTemplate\":\"https:\/\/artelfitness.com\/es\/?s={search_term_string}\"},\"query-input\":\"required name=search_term_string\"}],\"inLanguage\":\"es\"},{\"@type\":\"WebPage\",\"@id\":\"https:\/\/artelfitness.com\/es\/sobreartelfitness\/#webpage\",\"url\":\"https:\/\/artelfitness.com\/es\/sobreartelfitness\/\",\"name\":\"Sobre Artel Fitness - Artel Fitness Latinoam\u00e9rica\",\"isPartOf\":{\"@id\":\"https:\/\/artelfitness.com\/es\/#website\"},\"datePublished\":\"2020-07-31T12:35:48+00:00\",\"dateModified\":\"2022-02-04T19:45:06+00:00\",\"breadcrumb\":{\"@id\":\"https:\/\/artelfitness.com\/es\/sobreartelfitness\/#breadcrumb\"},\"inLanguage\":\"es\",\"potentialAction\":[{\"@type\":\"ReadAction\",\"target\":[\"https:\/\/artelfitness.com\/es\/sobreartelfitness\/\"]}]},{\"@type\":\"BreadcrumbList\",\"@id\":\"https:\/\/artelfitness.com\/es\/sobreartelfitness\/#breadcrumb\",\"itemListElement\":[{\"@type\":\"ListItem\",\"position\":1,\"name\":\"Home\",\"item\":\"https:\/\/artelfitness.com\/es\/\"},{\"@type\":\"ListItem\",\"position\":2,\"name\":\"Sobre Artel Fitness\"}]}]}<\/script>\n<!-- \/ Yoast SEO plugin. -->","yoast_head_json":{"title":"Sobre Artel Fitness - Artel Fitness Latinoam\u00e9rica","robots":{"index":"index","follow":"follow","max-snippet":"max-snippet:-1","max-image-preview":"max-image-preview:large","max-video-preview":"max-video-preview:-1"},"canonical":"https:\/\/artelfitness.com\/es\/sobreartelfitness\/","og_locale":"es_ES","og_type":"article","og_title":"Sobre Artel Fitness - Artel Fitness Latinoam\u00e9rica","og_description":"[vc_row type=\u00bbfull-width\u00bb top_margin=\u00bbpage-margin-top-section\u00bb css=\u00bb.vc_custom_1624753055034{background-color: #144440 !important;}\u00bb][vc_column top_margin=\u00bbpage-margin-top-section\u00bb width=\u00bb1\/2&#8243; css=\u00bb.vc_custom_1644003904702{padding-right: 20px !important;padding-left: 20px !important;background-position: 0 0 !important;background-repeat: no-repeat !important;}\u00bb el_class=\u00bbcolumn-limited full-height\u00bb][vc_column_text el_class=\u00bbmargin-top-15&#8243;] El M\u00e9todo Artel [\/vc_column_text][vc_column_text el_class=\u00bbmargin-top-15&#8243;] Nuestro entrenamiento de m\u00faltiples ajustes busca mantener su cuerpo en constante movimiento como el componente m\u00e1s importante de su r\u00e9gimen de entrenamiento. [\/vc_column_text][vc_column_text el_class=\u00bbmargin-top-15&#8243;]Nuestro m\u00e9todo funcional utiliza entrenamientos en","og_url":"https:\/\/artelfitness.com\/es\/sobreartelfitness\/","og_site_name":"Artel Fitness Latinoam\u00e9rica","article_modified_time":"2022-02-04T19:45:06+00:00","twitter_card":"summary_large_image","twitter_misc":{"Tiempo de lectura":"1 minuto"},"schema":{"@context":"https:\/\/schema.org","@graph":[{"@type":"WebSite","@id":"https:\/\/artelfitness.com\/es\/#website","url":"https:\/\/artelfitness.com\/es\/","name":"Artel Fitness Latinoam\u00e9rica","description":"Planes de Entrenamiento","potentialAction":[{"@type":"SearchAction","target":{"@type":"EntryPoint","urlTemplate":"https:\/\/artelfitness.com\/es\/?s={search_term_string}"},"query-input":"required name=search_term_string"}],"inLanguage":"es"},{"@type":"WebPage","@id":"https:\/\/artelfitness.com\/es\/sobreartelfitness\/#webpage","url":"https:\/\/artelfitness.com\/es\/sobreartelfitness\/","name":"Sobre Artel Fitness - Artel Fitness Latinoam\u00e9rica","isPartOf":{"@id":"https:\/\/artelfitness.com\/es\/#website"},"datePublished":"2020-07-31T12:35:48+00:00","dateModified":"2022-02-04T19:45:06+00:00","breadcrumb":{"@id":"https:\/\/artelfitness.com\/es\/sobreartelfitness\/#breadcrumb"},"inLanguage":"es","potentialAction":[{"@type":"ReadAction","target":["https:\/\/artelfitness.com\/es\/sobreartelfitness\/"]}]},{"@type":"BreadcrumbList","@id":"https:\/\/artelfitness.com\/es\/sobreartelfitness\/#breadcrumb","itemListElement":[{"@type":"ListItem","position":1,"name":"Home","item":"https:\/\/artelfitness.com\/es\/"},{"@type":"ListItem","position":2,"name":"Sobre Artel Fitness"}]}]}},"_links":{"self":[{"href":"https:\/\/artelfitness.com\/es\/wp-json\/wp\/v2\/pages\/1340"}],"collection":[{"href":"https:\/\/artelfitness.com\/es\/wp-json\/wp\/v2\/pages"}],"about":[{"href":"https:\/\/artelfitness.com\/es\/wp-json\/wp\/v2\/types\/page"}],"author":[{"embeddable":true,"href":"https:\/\/artelfitness.com\/es\/wp-json\/wp\/v2\/users\/1"}],"replies":[{"embeddable":true,"href":"https:\/\/artelfitness.com\/es\/wp-json\/wp\/v2\/comments?post=1340"}],"version-history":[{"count":4,"href":"https:\/\/artelfitness.com\/es\/wp-json\/wp\/v2\/pages\/1340\/revisions"}],"predecessor-version":[{"id":4019,"href":"https:\/\/artelfitness.com\/es\/wp-json\/wp\/v2\/pages\/1340\/revisions\/4019"}],"wp:attachment":[{"href":"https:\/\/artelfitness.com\/es\/wp-json\/wp\/v2\/media?parent=1340"}],"curies":[{"name":"wp","href":"https:\/\/api.w.org\/{rel}","templated":true}]}}