{"id":127,"date":"2012-07-26T15:36:56","date_gmt":"2012-07-26T15:36:56","guid":{"rendered":"http:\/\/quanticalabs.com\/wp_themes\/gymbase\/?page_id=88"},"modified":"2012-07-26T15:36:56","modified_gmt":"2012-07-26T15:36:56","slug":"contacto","status":"publish","type":"page","link":"https:\/\/artelfitness.com\/es\/contacto\/","title":{"rendered":"Contacto"},"content":{"rendered":"<p>[vc_row top_margin=\u00bbpage-margin-top\u00bb][vc_column width=\u00bb1\/4&#8243;]<h5 class=\"box-header animation-slide\">Centro de Entrenamiento<\/h5>[vc_column_text el_class=\u00bbalternate\u00bb]Calle George Westerman<br \/>\nV\u00eda Espa\u00f1a, Plaza Pir\u00e1mides. local 16<br \/>\nCiudad de Panam\u00e1<br \/>\nPanam\u00e1[\/vc_column_text][\/vc_column][vc_column width=\u00bb1\/4&#8243;]<h5 class=\"box-header animation-slide\">Atenci\u00f3n por Email<\/h5>[vc_column_text el_class=\u00bbalternate\u00bb]Tus preguntas y comentarios son importantes para nosotros. \u00bfNecesitas ayuda? Escr\u00edbenos a el correo electr\u00f3nico <a href=\"mailto:support@artelfitness.com\">support@artelfitness.com<\/a>[\/vc_column_text][\/vc_column][vc_column width=\u00bb1\/4&#8243;]<h5 class=\"box-header animation-slide\">Atenci\u00f3n Por Chat<\/h5>[vc_column_text el_class=\u00bbalternate\u00bb]Servicio al Cliente<br \/>\nWhatsapp: <a href=\"https:\/\/wa.me\/18186338136\">+1 (818) 633-8136<\/a>[\/vc_column_text][\/vc_column][vc_column width=\u00bb1\/4&#8243;]<h5 class=\"box-header animation-slide\">Atenci\u00f3n por Llamada<\/h5>[vc_column_text el_class=\u00bbalternate\u00bb]+(507) 833-8853[\/vc_column_text][\/vc_column][\/vc_row][vc_row top_margin=\u00bbpage-margin-top-section\u00bb][vc_column]<div id='map' style='width:100%;height:480px;' class=' contact-details-map'><\/div>[\/vc_column][\/vc_row][vc_row top_margin=\u00bbpage-margin-top-section\u00bb][vc_column]<h2 class=\"box-header align-center animation-slide\">\u00bfC\u00f3mo Podemos Ayudarte?<\/h2>[vc_column_text el_class=\u00bbalign-center margin-top-10&#8243;]Si tienes alguna pregunta, comentario o consultas sobre nuestros servicios,<br \/>\nd\u00e9janos un mensaje y te contactaremos a la mayor brevedad posible.[\/vc_column_text]<form class=\"gb-contact-form  margin-top-20\" id=\"contact-form\" method=\"post\" action=\"#\">\r\n\t\t<div class=\"vc_row wpb_row vc_inner flex-box\">\r\n\t\t\t<fieldset class=\"vc_col-sm-6 wpb_column vc_column_container\">\r\n\t\t\t\t<div class=\"gb-block\">\r\n\t\t\t\t\t<label>TU NOMBRE COMPLETO<\/label>\r\n\t\t\t\t\t<input class=\"text_input\" name=\"name\" type=\"text\" value=\"\" data-required=\"1\">\r\n\t\t\t\t<\/div>\r\n\t\t\t\t<div class=\"gb-block\">\r\n\t\t\t\t\t<label>TU CORREO ELECTR\u00d3NICO<\/label>\r\n\t\t\t\t\t<input class=\"text_input\" name=\"email\" type=\"text\" value=\"\" data-required=\"1\">\r\n\t\t\t\t<\/div>\r\n\t\t\t\t<div class=\"gb-block\">\r\n\t\t\t\t\t<label>PA\u00cdS DE RESIDENCIA<\/label>\r\n\t\t\t\t\t<input class=\"text_input\" name=\"website\" type=\"text\" value=\"\" data-required=\"1\">\r\n\t\t\t\t<\/div>\r\n\t\t\t<\/fieldset>\r\n\t\t\t<fieldset class=\"vc_col-sm-6 wpb_column vc_column_container\">\r\n\t\t\t\t<div class=\"gb-block textarea-block\">\r\n\t\t\t\t\t<label>TU MENSAJE O CONSULTA<\/label>\r\n\t\t\t\t\t<textarea name=\"message\" data-required=\"1\"><\/textarea>\r\n\t\t\t\t<\/div>\r\n\t\t\t<\/fieldset>\r\n\t\t<\/div>\r\n\t\t<div class=\"vc_row wpb_row vc_inner margin-top-30\">\r\n\t\t\t<div class=\"vc_col-sm-12 wpb_column vc_column_container\">\r\n\t\t\t\t<input type=\"hidden\" name=\"action\" value=\"theme_contact_form\">\r\n\t\t\t\t<input type=\"hidden\" name=\"id\" value=\"contact-form\"><div class=\"terms-container gb-block\">\r\n\t\t\t\t\t\t<input type=\"checkbox\" name=\"terms\" id=\"contact-formterms\" value=\"1\"><label for=\"contact-formterms\">Por favor aceptar los <a href=\"#\">terms and conditions<\/a><\/label>\r\n\t\t\t\t\t<\/div><div class=\"vc_row wpb_row vc_inner align-center\">\r\n\t\t\t\t\t<a class=\"more submit-contact-form\" href=\"#\" title=\"ENVIAR MENSAJE\">ENVIAR MENSAJE<\/a>\r\n\t\t\t\t<\/div><\/div>\r\n\t\t<\/div>\r\n\t<\/form>[\/vc_column][\/vc_row]<\/p>\n","protected":false},"excerpt":{"rendered":"<p>[vc_row top_margin=\u00bbpage-margin-top\u00bb][vc_column width=\u00bb1\/4&#8243;][vc_column_text el_class=\u00bbalternate\u00bb]Calle George Westerman V\u00eda Espa\u00f1a, Plaza Pir\u00e1mides. local 16 Ciudad de Panam\u00e1 Panam\u00e1[\/vc_column_text][\/vc_column][vc_column width=\u00bb1\/4&#8243;][vc_column_text el_class=\u00bbalternate\u00bb]Tus preguntas y comentarios son importantes para nosotros. \u00bfNecesitas ayuda? Escr\u00edbenos a el correo electr\u00f3nico support@artelfitness.com[\/vc_column_text][\/vc_column][vc_column width=\u00bb1\/4&#8243;][vc_column_text el_class=\u00bbalternate\u00bb]Servicio al Cliente Whatsapp: +1 (818) 633-8136[\/vc_column_text][\/vc_column][vc_column width=\u00bb1\/4&#8243;][vc_column_text el_class=\u00bbalternate\u00bb]+(507) 833-8853[\/vc_column_text][\/vc_column][\/vc_row][vc_row top_margin=\u00bbpage-margin-top-section\u00bb][vc_column][\/vc_column][\/vc_row][vc_row top_margin=\u00bbpage-margin-top-section\u00bb][vc_column][vc_column_text el_class=\u00bbalign-center margin-top-10&#8243;]Si tienes alguna pregunta, comentario o consultas sobre<\/p>\n","protected":false},"author":1,"featured_media":0,"parent":0,"menu_order":0,"comment_status":"open","ping_status":"closed","template":"","meta":[],"yoast_head":"<!-- This site is optimized with the Yoast SEO plugin v18.5.1 - https:\/\/yoast.com\/wordpress\/plugins\/seo\/ -->\n<title>Contacto - Artel Fitness Latinoam\u00e9rica<\/title>\n<meta name=\"robots\" content=\"index, follow, max-snippet:-1, max-image-preview:large, max-video-preview:-1\" \/>\n<link rel=\"canonical\" href=\"https:\/\/artelfitness.com\/es\/contacto\/\" \/>\n<meta property=\"og:locale\" content=\"es_ES\" \/>\n<meta property=\"og:type\" content=\"article\" \/>\n<meta property=\"og:title\" content=\"Contacto - Artel Fitness Latinoam\u00e9rica\" \/>\n<meta property=\"og:description\" content=\"[vc_row top_margin=\u00bbpage-margin-top\u00bb][vc_column width=\u00bb1\/4&#8243;][vc_column_text el_class=\u00bbalternate\u00bb]Calle George Westerman V\u00eda Espa\u00f1a, Plaza Pir\u00e1mides. local 16 Ciudad de Panam\u00e1 Panam\u00e1[\/vc_column_text][\/vc_column][vc_column width=\u00bb1\/4&#8243;][vc_column_text el_class=\u00bbalternate\u00bb]Tus preguntas y comentarios son importantes para nosotros. \u00bfNecesitas ayuda? Escr\u00edbenos a el correo electr\u00f3nico support@artelfitness.com[\/vc_column_text][\/vc_column][vc_column width=\u00bb1\/4&#8243;][vc_column_text el_class=\u00bbalternate\u00bb]Servicio al Cliente Whatsapp: +1 (818) 633-8136[\/vc_column_text][\/vc_column][vc_column width=\u00bb1\/4&#8243;][vc_column_text el_class=\u00bbalternate\u00bb]+(507) 833-8853[\/vc_column_text][\/vc_column][\/vc_row][vc_row top_margin=\u00bbpage-margin-top-section\u00bb][vc_column][\/vc_column][\/vc_row][vc_row top_margin=\u00bbpage-margin-top-section\u00bb][vc_column][vc_column_text el_class=\u00bbalign-center margin-top-10&#8243;]Si tienes alguna pregunta, comentario o consultas sobre\" \/>\n<meta property=\"og:url\" content=\"https:\/\/artelfitness.com\/es\/contacto\/\" \/>\n<meta property=\"og:site_name\" content=\"Artel Fitness Latinoam\u00e9rica\" \/>\n<meta name=\"twitter:card\" content=\"summary_large_image\" \/>\n<meta name=\"twitter:label1\" content=\"Tiempo de lectura\" \/>\n\t<meta name=\"twitter:data1\" content=\"2 minutos\" \/>\n<script type=\"application\/ld+json\" class=\"yoast-schema-graph\">{\"@context\":\"https:\/\/schema.org\",\"@graph\":[{\"@type\":\"WebSite\",\"@id\":\"https:\/\/artelfitness.com\/es\/#website\",\"url\":\"https:\/\/artelfitness.com\/es\/\",\"name\":\"Artel Fitness Latinoam\u00e9rica\",\"description\":\"Planes de Entrenamiento\",\"potentialAction\":[{\"@type\":\"SearchAction\",\"target\":{\"@type\":\"EntryPoint\",\"urlTemplate\":\"https:\/\/artelfitness.com\/es\/?s={search_term_string}\"},\"query-input\":\"required name=search_term_string\"}],\"inLanguage\":\"es\"},{\"@type\":\"WebPage\",\"@id\":\"https:\/\/artelfitness.com\/es\/contacto\/#webpage\",\"url\":\"https:\/\/artelfitness.com\/es\/contacto\/\",\"name\":\"Contacto - Artel Fitness Latinoam\u00e9rica\",\"isPartOf\":{\"@id\":\"https:\/\/artelfitness.com\/es\/#website\"},\"datePublished\":\"2012-07-26T15:36:56+00:00\",\"dateModified\":\"2012-07-26T15:36:56+00:00\",\"breadcrumb\":{\"@id\":\"https:\/\/artelfitness.com\/es\/contacto\/#breadcrumb\"},\"inLanguage\":\"es\",\"potentialAction\":[{\"@type\":\"ReadAction\",\"target\":[\"https:\/\/artelfitness.com\/es\/contacto\/\"]}]},{\"@type\":\"BreadcrumbList\",\"@id\":\"https:\/\/artelfitness.com\/es\/contacto\/#breadcrumb\",\"itemListElement\":[{\"@type\":\"ListItem\",\"position\":1,\"name\":\"Home\",\"item\":\"https:\/\/artelfitness.com\/es\/\"},{\"@type\":\"ListItem\",\"position\":2,\"name\":\"Contacto\"}]}]}<\/script>\n<!-- \/ Yoast SEO plugin. -->","yoast_head_json":{"title":"Contacto - Artel Fitness Latinoam\u00e9rica","robots":{"index":"index","follow":"follow","max-snippet":"max-snippet:-1","max-image-preview":"max-image-preview:large","max-video-preview":"max-video-preview:-1"},"canonical":"https:\/\/artelfitness.com\/es\/contacto\/","og_locale":"es_ES","og_type":"article","og_title":"Contacto - Artel Fitness Latinoam\u00e9rica","og_description":"[vc_row top_margin=\u00bbpage-margin-top\u00bb][vc_column width=\u00bb1\/4&#8243;][vc_column_text el_class=\u00bbalternate\u00bb]Calle George Westerman V\u00eda Espa\u00f1a, Plaza Pir\u00e1mides. local 16 Ciudad de Panam\u00e1 Panam\u00e1[\/vc_column_text][\/vc_column][vc_column width=\u00bb1\/4&#8243;][vc_column_text el_class=\u00bbalternate\u00bb]Tus preguntas y comentarios son importantes para nosotros. \u00bfNecesitas ayuda? Escr\u00edbenos a el correo electr\u00f3nico support@artelfitness.com[\/vc_column_text][\/vc_column][vc_column width=\u00bb1\/4&#8243;][vc_column_text el_class=\u00bbalternate\u00bb]Servicio al Cliente Whatsapp: +1 (818) 633-8136[\/vc_column_text][\/vc_column][vc_column width=\u00bb1\/4&#8243;][vc_column_text el_class=\u00bbalternate\u00bb]+(507) 833-8853[\/vc_column_text][\/vc_column][\/vc_row][vc_row top_margin=\u00bbpage-margin-top-section\u00bb][vc_column][\/vc_column][\/vc_row][vc_row top_margin=\u00bbpage-margin-top-section\u00bb][vc_column][vc_column_text el_class=\u00bbalign-center margin-top-10&#8243;]Si tienes alguna pregunta, comentario o consultas sobre","og_url":"https:\/\/artelfitness.com\/es\/contacto\/","og_site_name":"Artel Fitness Latinoam\u00e9rica","twitter_card":"summary_large_image","twitter_misc":{"Tiempo de lectura":"2 minutos"},"schema":{"@context":"https:\/\/schema.org","@graph":[{"@type":"WebSite","@id":"https:\/\/artelfitness.com\/es\/#website","url":"https:\/\/artelfitness.com\/es\/","name":"Artel Fitness Latinoam\u00e9rica","description":"Planes de Entrenamiento","potentialAction":[{"@type":"SearchAction","target":{"@type":"EntryPoint","urlTemplate":"https:\/\/artelfitness.com\/es\/?s={search_term_string}"},"query-input":"required name=search_term_string"}],"inLanguage":"es"},{"@type":"WebPage","@id":"https:\/\/artelfitness.com\/es\/contacto\/#webpage","url":"https:\/\/artelfitness.com\/es\/contacto\/","name":"Contacto - Artel Fitness Latinoam\u00e9rica","isPartOf":{"@id":"https:\/\/artelfitness.com\/es\/#website"},"datePublished":"2012-07-26T15:36:56+00:00","dateModified":"2012-07-26T15:36:56+00:00","breadcrumb":{"@id":"https:\/\/artelfitness.com\/es\/contacto\/#breadcrumb"},"inLanguage":"es","potentialAction":[{"@type":"ReadAction","target":["https:\/\/artelfitness.com\/es\/contacto\/"]}]},{"@type":"BreadcrumbList","@id":"https:\/\/artelfitness.com\/es\/contacto\/#breadcrumb","itemListElement":[{"@type":"ListItem","position":1,"name":"Home","item":"https:\/\/artelfitness.com\/es\/"},{"@type":"ListItem","position":2,"name":"Contacto"}]}]}},"_links":{"self":[{"href":"https:\/\/artelfitness.com\/es\/wp-json\/wp\/v2\/pages\/127"}],"collection":[{"href":"https:\/\/artelfitness.com\/es\/wp-json\/wp\/v2\/pages"}],"about":[{"href":"https:\/\/artelfitness.com\/es\/wp-json\/wp\/v2\/types\/page"}],"author":[{"embeddable":true,"href":"https:\/\/artelfitness.com\/es\/wp-json\/wp\/v2\/users\/1"}],"replies":[{"embeddable":true,"href":"https:\/\/artelfitness.com\/es\/wp-json\/wp\/v2\/comments?post=127"}],"version-history":[{"count":0,"href":"https:\/\/artelfitness.com\/es\/wp-json\/wp\/v2\/pages\/127\/revisions"}],"wp:attachment":[{"href":"https:\/\/artelfitness.com\/es\/wp-json\/wp\/v2\/media?parent=127"}],"curies":[{"name":"wp","href":"https:\/\/api.w.org\/{rel}","templated":true}]}}