{"id":1117,"date":"2020-04-29T13:25:01","date_gmt":"2020-04-29T13:25:01","guid":{"rendered":"http:\/\/quanticalabs.com\/wptest\/gymbase-new\/?page_id=1117"},"modified":"2022-04-11T21:58:50","modified_gmt":"2022-04-12T02:58:50","slug":"inicio","status":"publish","type":"page","link":"https:\/\/artelfitness.com\/es\/","title":{"rendered":"Inicio"},"content":{"rendered":"<p>[vc_row type=\u00bbfull-width\u00bb][vc_column][rev_slider_vc alias=\u00bbhome\u00bb][\/vc_column][\/vc_row][vc_row][vc_column offset=\u00bbvc_hidden-xs\u00bb][vc_empty_space][\/vc_column][\/vc_row][vc_row top_margin=\u00bbpage-margin-top-section\u00bb][vc_column width=\u00bb1\/3&#8243;][vc_empty_space height=\u00bb100px\u00bb][vc_column_text css=\u00bb.vc_custom_1642450203095{margin-bottom: 20px !important;}\u00bb]<\/p>\n<h4><strong>Pon tu cuerpo en movimiento, sin excusas.<\/strong><\/h4>\n<p>[\/vc_column_text][vc_column_text]<\/p>\n<h1><strong>Empieza hoy mismo con estas clases gratis.<\/strong><\/h1>\n<p>[\/vc_column_text][vc_column_text css=\u00bb.vc_custom_1643995922542{margin-top: 20px !important;}\u00bb]<span style=\"color: #144440;\">Desde clases de baile hasta entrenamiento funcional. Disfruta de tu estilo favorito de ejercicio y empieza a poner tu cuerpo en movimiento.<\/span>[\/vc_column_text][\/vc_column][vc_column width=\u00bb2\/3&#8243; offset=\u00bbvc_col-xs-1&#8243;][vc_row_inner css=\u00bb.vc_custom_1643931933683{background: #144440 url(https:\/\/artelfitness.com\/es\/wp-content\/uploads\/sites\/4\/2022\/02\/latinoclass.png?id=3957) !important;background-position: 0 0 !important;background-repeat: no-repeat !important;}\u00bb][vc_column_inner width=\u00bb1\/2&#8243; css=\u00bb.vc_custom_1642458262884{margin-top: 20px !important;margin-right: 20px !important;margin-bottom: 20px !important;margin-left: 20px !important;}\u00bb][vc_column_text]<\/p>\n<h2><span style=\"color: #ffffff;\">Latin Fit<\/span><\/h2>\n<p>[\/vc_column_text][vc_column_text]<span style=\"color: #ffffff;\"><strong>Mueve tu cuerpo al ritmo de m\u00fasica latina. Quema calor\u00edas y pasa un rato divertido.<\/strong><\/span>[\/vc_column_text][\/vc_column_inner][vc_column_inner width=\u00bb1\/2&#8243;][vc_btn title=\u00bbEMPEZAR CLASE\u00bb style=\u00bboutline-custom\u00bb outline_custom_color=\u00bb#ffffff\u00bb outline_custom_hover_background=\u00bb#ddc2a2&#8243; outline_custom_hover_text=\u00bb#144440&#8243; shape=\u00bbsquare\u00bb size=\u00bblg\u00bb align=\u00bbright\u00bb css=\u00bb.vc_custom_1644878593973{padding-top: 46px !important;padding-right: 10px !important;}\u00bb link=\u00bburl:https%3A%2F%2Fplayer.vimeo.com%2Fvideo%2F570428194|title:Latin%20Fit%20Prueba\u00bb el_class=\u00bbwplightbox\u00bb][\/vc_column_inner][\/vc_row_inner][vc_empty_space height=\u00bb20&#8243;][vc_row_inner css=\u00bb.vc_custom_1643932042045{background: #144440 url(https:\/\/artelfitness.com\/es\/wp-content\/uploads\/sites\/4\/2022\/02\/totalbodyclass.png?id=3959) !important;}\u00bb][vc_column_inner width=\u00bb1\/2&#8243; css=\u00bb.vc_custom_1642458681493{margin-top: 20px !important;margin-right: 20px !important;margin-bottom: 20px !important;margin-left: 20px !important;padding-right: 10px !important;}\u00bb][vc_column_text]<\/p>\n<h2><span style=\"color: #ffffff;\">Total Body Circuit<\/span><\/h2>\n<p>[\/vc_column_text][vc_column_text css=\u00bb.vc_custom_1644878829709{padding-right: 5px !important;}\u00bb]<span style=\"color: #ffffff;\"><strong>Calienta motores con este circuito inspirado en movimientos <\/strong><strong>de Crossfit, que podr\u00e1n a todo tu cuerpo a vibrar.<\/strong><\/span>[\/vc_column_text][\/vc_column_inner][vc_column_inner width=\u00bb1\/2&#8243;][vc_empty_space height=\u00bb46px\u00bb][vc_btn title=\u00bbEMPEZAR CLASE\u00bb style=\u00bboutline-custom\u00bb outline_custom_color=\u00bb#ffffff\u00bb outline_custom_hover_background=\u00bb#ddc2a2&#8243; outline_custom_hover_text=\u00bb#144440&#8243; shape=\u00bbsquare\u00bb size=\u00bblg\u00bb align=\u00bbright\u00bb css=\u00bb.vc_custom_1644878611016{padding-right: 10px !important;}\u00bb link=\u00bburl:https%3A%2F%2Fplayer.vimeo.com%2Fvideo%2F570407875|title:Total%20Body%20Circuit%20Prueba\u00bb el_class=\u00bbwplightbox\u00bb][\/vc_column_inner][\/vc_row_inner][vc_empty_space height=\u00bb20&#8243;][vc_row_inner css=\u00bb.vc_custom_1643932170919{background-image: url(https:\/\/artelfitness.com\/es\/wp-content\/uploads\/sites\/4\/2022\/02\/powerbodyclass.png?id=3960) !important;}\u00bb][vc_column_inner width=\u00bb1\/2&#8243; css=\u00bb.vc_custom_1642458262884{margin-top: 20px !important;margin-right: 20px !important;margin-bottom: 20px !important;margin-left: 20px !important;}\u00bb][vc_column_text]<\/p>\n<h2><span style=\"color: #ffffff;\">Power Body<\/span><\/h2>\n<p>[\/vc_column_text][vc_column_text]<span style=\"color: #ffffff;\"><strong>\u00bfEst\u00e1s empezando tu camino a una mejor versi\u00f3n de ti? <\/strong><strong> Toma esta clase para principiantes..<\/strong><\/span>[\/vc_column_text][\/vc_column_inner][vc_column_inner width=\u00bb1\/2&#8243;][vc_empty_space height=\u00bb46px\u00bb][vc_btn title=\u00bbEMPEZAR CLASE\u00bb style=\u00bboutline-custom\u00bb outline_custom_color=\u00bb#ffffff\u00bb outline_custom_hover_background=\u00bb#ddc2a2&#8243; outline_custom_hover_text=\u00bb#144440&#8243; shape=\u00bbsquare\u00bb size=\u00bblg\u00bb align=\u00bbright\u00bb css=\u00bb.vc_custom_1644878624491{margin-top: 10px !important;padding-right: 10px !important;}\u00bb link=\u00bburl:https%3A%2F%2Fplayer.vimeo.com%2Fvideo%2F646651489|title:Power%20Body%20Prueba\u00bb el_class=\u00bbwplightbox\u00bb][\/vc_column_inner][\/vc_row_inner][\/vc_column][\/vc_row][vc_row][vc_column][vc_empty_space height=\u00bb80px\u00bb][\/vc_column][\/vc_row][vc_row css=\u00bb.vc_custom_1642461704172{background-color: #144440 !important;}\u00bb][vc_column video_bg=\u00bbyes\u00bb video_bg_url=\u00bbhttps:\/\/www.youtube.com\/watch?v=CtK7xf3uCFA\u00bb width=\u00bb1\/2&#8243; offset=\u00bbvc_hidden-xs\u00bb][vc_empty_space height=\u00bb600&#8243;][\/vc_column][vc_column top_margin=\u00bbpage-margin-top\u00bb width=\u00bb1\/2&#8243; css=\u00bb.vc_custom_1642465193337{padding-left: 10px !important;}\u00bb][vc_column_text]<\/p>\n<h1><span style=\"color: #ffffff;\"><strong>Una membres\u00eda, todos los beneficios.<\/strong><\/span><\/h1>\n<p>[\/vc_column_text][vc_column_text css=\u00bb.vc_custom_1643997257662{margin-top: 20px !important;}\u00bb]<\/p>\n<h4><span style=\"color: #ffffff;\"><strong>Accede a todos estos beneficios por un solo precio:<\/strong><\/span><\/h4>\n<p>[\/vc_column_text]<ul class=\"items-list alternate\"><\/p>\n<ul>\n<li><span style=\"color: #ffffff;\">Acceso ilimitado a clases en nuestro fitness center<\/span><\/li>\n<li><span style=\"color: #ffffff;\">Acceso ilimitado a clases On-Demand<\/span><\/li>\n<li><span style=\"color: #ffffff;\">Acceso ilimitado a entrenamiento en modalidad virtual<\/span><\/li>\n<li><span style=\"color: #ffffff;\">Clases de Ritmos Latinos, Funcionales, HIIT, Cardio, Crossfit y m\u00e1s<\/span><\/li>\n<li><span style=\"color: #ffffff;\">Comunidad social con informaci\u00f3n de apoyo para lograr tus objetivos<\/span><\/li>\n<\/ul>\n<p><\/ul>[vc_btn title=\u00bbEMPEZAR GRATIS\u00bb style=\u00bboutline-custom\u00bb outline_custom_color=\u00bb#ffffff\u00bb outline_custom_hover_background=\u00bb#ddc2a2&#8243; outline_custom_hover_text=\u00bb#144440&#8243; shape=\u00bbsquare\u00bb link=\u00bburl:https%3A%2F%2Fartelfitness.com%2Fes%2Fmembresias%2F|title:Membres%C3%ADas\u00bb][\/vc_column][\/vc_row][vc_row top_margin=\u00bbpage-margin-top-section\u00bb][vc_column][vc_empty_space height=\u00bb60px\u00bb][\/vc_column][\/vc_row][vc_row top_margin=\u00bbpage-margin-top-section\u00bb][vc_column width=\u00bb1\/3&#8243;][vc_column_text]<\/p>\n<h1><strong>Clases On-Demand:<\/strong><\/h1>\n<p>[\/vc_column_text][vc_column_text css=\u00bb.vc_custom_1642463973565{margin-top: 10px !important;}\u00bb]<\/p>\n<h2>Cuando Quieras, Donde Quieras<\/h2>\n<p>[\/vc_column_text][vc_column_text css=\u00bb.vc_custom_1642461795658{margin-top: 20px !important;}\u00bb]<span style=\"color: #144440;\">Que nada se interponga entre qui\u00e9n eres hoy y qui\u00e9n quieres ser ma\u00f1ana. Encuentra en nuestra galer\u00eda el entrenamiento que se ajuste a tu mood del d\u00eda.<\/span>[\/vc_column_text][\/vc_column][vc_column width=\u00bb2\/3&#8243;]<ul class=\"gb-gallery layout-type-separate gallery-3-columns\"><li class=\"gallery-box gallery-box-1\" id=\"gallery-item-adrenaline-fit-dance-6\"><img width=\"410\" height=\"320\" src=\"https:\/\/artelfitness.com\/es\/wp-content\/uploads\/sites\/4\/2021\/08\/THOMAS3.jpg\" class=\"attachment-gymbase-gallery-medium-thumb size-gymbase-gallery-medium-thumb wp-post-image\" alt=\"ADRENALINE FIT DANCE\" loading=\"lazy\" title=\"\" srcset=\"https:\/\/artelfitness.com\/es\/wp-content\/uploads\/sites\/4\/2021\/08\/THOMAS3.jpg 410w, https:\/\/artelfitness.com\/es\/wp-content\/uploads\/sites\/4\/2021\/08\/THOMAS3-300x234.jpg 300w\" sizes=\"(max-width: 410px) 100vw, 410px\" \/>\n\t\t\t\t\t\t<div class=\"description\">\n\t\t\t\t\t\t\t<h4 class=\"template-arrow-horizontal-7-after\">ADRENALINE FIT DANCE<\/h4>\n\t\t\t\t\t\t\t<p class=\"gb-subtitle\">30 Minutos<\/p>\n\t\t\t\t\t\t<\/div>\n\t\t\t\t\t\t<ul class=\"controls\"><li><a href=\"https:\/\/artelfitness.com\/es\/mi-cuenta\/\" class=\"template-plus-2 fancybox-url open-url-lightbox\" title=\"ADRENALINE FIT DANCE\" rel=\"gbgallery\"><\/a>\n\t\t\t\t\t\t\t\t<\/li><\/ul><\/li><li class=\"gallery-box gallery-box-2\" id=\"gallery-item-dance-more-disco\"><img width=\"410\" height=\"320\" src=\"https:\/\/artelfitness.com\/es\/wp-content\/uploads\/sites\/4\/2021\/08\/shenry2.jpg\" class=\"attachment-gymbase-gallery-medium-thumb size-gymbase-gallery-medium-thumb wp-post-image\" alt=\"DANCE &#038; MORE DISCO\" loading=\"lazy\" title=\"\" srcset=\"https:\/\/artelfitness.com\/es\/wp-content\/uploads\/sites\/4\/2021\/08\/shenry2.jpg 410w, https:\/\/artelfitness.com\/es\/wp-content\/uploads\/sites\/4\/2021\/08\/shenry2-300x234.jpg 300w\" sizes=\"(max-width: 410px) 100vw, 410px\" \/>\n\t\t\t\t\t\t<div class=\"description\">\n\t\t\t\t\t\t\t<h4 class=\"template-arrow-horizontal-7-after\">DANCE &#038; MORE DISCO<\/h4>\n\t\t\t\t\t\t\t<p class=\"gb-subtitle\">30 Minutos<\/p>\n\t\t\t\t\t\t<\/div>\n\t\t\t\t\t\t<ul class=\"controls\"><li><a href=\"https:\/\/artelfitness.com\/es\/mi-cuenta\/\" class=\"template-plus-2 fancybox-url open-url-lightbox\" title=\"DANCE &#038; MORE DISCO\" rel=\"gbgallery\"><\/a>\n\t\t\t\t\t\t\t\t<\/li><\/ul><\/li><li class=\"gallery-box gallery-box-3\" id=\"gallery-item-lying-tricep-extension-2\"><img width=\"410\" height=\"320\" src=\"https:\/\/artelfitness.com\/es\/wp-content\/uploads\/sites\/4\/2022\/01\/lying-tricep-extention-exercise-tuturial.jpg\" class=\"attachment-gymbase-gallery-medium-thumb size-gymbase-gallery-medium-thumb wp-post-image\" alt=\"LYING TRICEP EXTENSION\" loading=\"lazy\" title=\"\" srcset=\"https:\/\/artelfitness.com\/es\/wp-content\/uploads\/sites\/4\/2022\/01\/lying-tricep-extention-exercise-tuturial.jpg 410w, https:\/\/artelfitness.com\/es\/wp-content\/uploads\/sites\/4\/2022\/01\/lying-tricep-extention-exercise-tuturial-300x234.jpg 300w\" sizes=\"(max-width: 410px) 100vw, 410px\" \/>\n\t\t\t\t\t\t<div class=\"description\">\n\t\t\t\t\t\t\t<h4 class=\"template-arrow-horizontal-7-after\">LYING TRICEP EXTENSION<\/h4>\n\t\t\t\t\t\t\t<p class=\"gb-subtitle\">1 Minuto<\/p>\n\t\t\t\t\t\t<\/div>\n\t\t\t\t\t\t<ul class=\"controls\"><li><a href=\"https:\/\/artelfitness.com\/es\/mi-cuenta\/\" class=\"template-plus-2 fancybox-url open-url-lightbox\" title=\"LYING TRICEP EXTENSION\" rel=\"gbgallery\"><\/a>\n\t\t\t\t\t\t\t\t<\/li><\/ul><\/li><\/ul>[\/vc_column][\/vc_row][vc_row][vc_column offset=\u00bbvc_hidden-lg vc_hidden-md vc_hidden-sm\u00bb][vc_empty_space height=\u00bb50&#8243;][\/vc_column][\/vc_row][vc_row][vc_column][vc_btn title=\u00bbVER M\u00c1S CLASES\u00bb style=\u00bboutline-custom\u00bb outline_custom_color=\u00bb#144440&#8243; outline_custom_hover_background=\u00bb#ddc2a2&#8243; outline_custom_hover_text=\u00bb#144440&#8243; shape=\u00bbsquare\u00bb link=\u00bburl:https%3A%2F%2Fartelfitness.com%2Fes%2Fgaleriaondemand%2F|title:On%20Demand\u00bb][vc_empty_space height=\u00bb50&#8243;][\/vc_column][\/vc_row][vc_row css=\u00bb.vc_custom_1643924243396{margin-top: 10px !important;margin-bottom: 20px !important;padding-right: 20px !important;padding-left: 20px !important;background-color: #144440 !important;}\u00bb][vc_column width=\u00bb2\/3&#8243;][vc_column_text css=\u00bb.vc_custom_1643924403095{padding-top: 40px !important;}\u00bb]<\/p>\n<h2 style=\"text-align: center;\"><span style=\"color: #ffffff;\"><strong>Siente el #efectoartelfitness con 14 d\u00edas de prueba.<\/strong><\/span><\/h2>\n<p>[\/vc_column_text][\/vc_column][vc_column width=\u00bb1\/3&#8243; css=\u00bb.vc_custom_1643924380948{padding-top: 30px !important;}\u00bb][vc_btn title=\u00bbEMPEZAR PRUEBA GRATIS\u00bb style=\u00bboutline-custom\u00bb outline_custom_color=\u00bb#ffffff\u00bb outline_custom_hover_background=\u00bb#ddc2a2&#8243; outline_custom_hover_text=\u00bb#144440&#8243; shape=\u00bbsquare\u00bb size=\u00bblg\u00bb align=\u00bbcenter\u00bb button_block=\u00bbtrue\u00bb link=\u00bburl:https%3A%2F%2Fartelfitness.com%2Fes%2Fmembresias%2F|title:Membres%C3%ADas\u00bb][\/vc_column][\/vc_row][vc_row disable_element=\u00bbyes\u00bb el_class=\u00bbmargin-top-20&#8243;][vc_column][vc_empty_space height=\u00bb350px\u00bb][vc_widget_sidebar top_margin=\u00bbpage-margin-top-section\u00bb sidebar_id=\u00bbhome-top\u00bb el_class=\u00bbhome-box-container-list for-home-slider\u00bb][\/vc_column][\/vc_row][vc_row top_margin=\u00bbpage-margin-top-section\u00bb][vc_column][vc_empty_space height=\u00bb60px\u00bb][\/vc_column][\/vc_row]<\/p>\n","protected":false},"excerpt":{"rendered":"<p>[vc_row type=\u00bbfull-width\u00bb][vc_column][rev_slider_vc alias=\u00bbhome\u00bb][\/vc_column][\/vc_row][vc_row][vc_column offset=\u00bbvc_hidden-xs\u00bb][vc_empty_space][\/vc_column][\/vc_row][vc_row top_margin=\u00bbpage-margin-top-section\u00bb][vc_column width=\u00bb1\/3&#8243;][vc_empty_space height=\u00bb100px\u00bb][vc_column_text css=\u00bb.vc_custom_1642450203095{margin-bottom: 20px !important;}\u00bb] Pon tu cuerpo en movimiento, sin excusas. [\/vc_column_text][vc_column_text] Empieza hoy mismo con estas clases gratis. [\/vc_column_text][vc_column_text css=\u00bb.vc_custom_1643995922542{margin-top: 20px !important;}\u00bb]Desde clases de baile hasta entrenamiento funcional. Disfruta de tu estilo favorito de ejercicio y empieza a poner tu cuerpo en movimiento.[\/vc_column_text][\/vc_column][vc_column width=\u00bb2\/3&#8243; offset=\u00bbvc_col-xs-1&#8243;][vc_row_inner css=\u00bb.vc_custom_1643931933683{background: #144440 url(https:\/\/artelfitness.com\/es\/wp-content\/uploads\/sites\/4\/2022\/02\/latinoclass.png?id=3957)<\/p>\n","protected":false},"author":1,"featured_media":0,"parent":0,"menu_order":0,"comment_status":"closed","ping_status":"closed","template":"template-default-without-breadcrumbs.php","meta":[],"yoast_head":"<!-- This site is optimized with the Yoast SEO plugin v18.5.1 - https:\/\/yoast.com\/wordpress\/plugins\/seo\/ -->\n<title>Entrena y divi\u00e9rtete - Artel Fitness Latinoam\u00e9rica<\/title>\n<meta name=\"description\" content=\"desde clases de fitness hasta ritmos latinos. Disfruta de una gran variedad de estilso de entrenamiento con. una sola membres\u00eda.\" \/>\n<meta name=\"robots\" content=\"index, follow, max-snippet:-1, max-image-preview:large, max-video-preview:-1\" \/>\n<link rel=\"canonical\" href=\"https:\/\/artelfitness.com\/es\/\" \/>\n<meta property=\"og:locale\" content=\"es_ES\" \/>\n<meta property=\"og:type\" content=\"article\" \/>\n<meta property=\"og:title\" content=\"Entrena y divi\u00e9rtete - Artel Fitness Latinoam\u00e9rica\" \/>\n<meta property=\"og:description\" content=\"desde clases de fitness hasta ritmos latinos. Disfruta de una gran variedad de estilso de entrenamiento con. una sola membres\u00eda.\" \/>\n<meta property=\"og:url\" content=\"https:\/\/artelfitness.com\/es\/\" \/>\n<meta property=\"og:site_name\" content=\"Artel Fitness Latinoam\u00e9rica\" \/>\n<meta property=\"article:modified_time\" content=\"2022-04-12T02:58:50+00:00\" \/>\n<meta name=\"twitter:card\" content=\"summary_large_image\" \/>\n<meta name=\"twitter:label1\" content=\"Tiempo de lectura\" \/>\n\t<meta name=\"twitter:data1\" content=\"5 minutos\" \/>\n<script type=\"application\/ld+json\" class=\"yoast-schema-graph\">{\"@context\":\"https:\/\/schema.org\",\"@graph\":[{\"@type\":\"WebSite\",\"@id\":\"https:\/\/artelfitness.com\/es\/#website\",\"url\":\"https:\/\/artelfitness.com\/es\/\",\"name\":\"Artel Fitness Latinoam\u00e9rica\",\"description\":\"Planes de Entrenamiento\",\"potentialAction\":[{\"@type\":\"SearchAction\",\"target\":{\"@type\":\"EntryPoint\",\"urlTemplate\":\"https:\/\/artelfitness.com\/es\/?s={search_term_string}\"},\"query-input\":\"required name=search_term_string\"}],\"inLanguage\":\"es\"},{\"@type\":\"WebPage\",\"@id\":\"https:\/\/artelfitness.com\/es\/#webpage\",\"url\":\"https:\/\/artelfitness.com\/es\/\",\"name\":\"Entrena y divi\u00e9rtete - Artel Fitness Latinoam\u00e9rica\",\"isPartOf\":{\"@id\":\"https:\/\/artelfitness.com\/es\/#website\"},\"datePublished\":\"2020-04-29T13:25:01+00:00\",\"dateModified\":\"2022-04-12T02:58:50+00:00\",\"description\":\"desde clases de fitness hasta ritmos latinos. Disfruta de una gran variedad de estilso de entrenamiento con. una sola membres\u00eda.\",\"breadcrumb\":{\"@id\":\"https:\/\/artelfitness.com\/es\/#breadcrumb\"},\"inLanguage\":\"es\",\"potentialAction\":[{\"@type\":\"ReadAction\",\"target\":[\"https:\/\/artelfitness.com\/es\/\"]}]},{\"@type\":\"BreadcrumbList\",\"@id\":\"https:\/\/artelfitness.com\/es\/#breadcrumb\",\"itemListElement\":[{\"@type\":\"ListItem\",\"position\":1,\"name\":\"Home\",\"item\":\"https:\/\/artelfitness.com\/es\/\"},{\"@type\":\"ListItem\",\"position\":2,\"name\":\"Inicio\"}]}]}<\/script>\n<!-- \/ Yoast SEO plugin. -->","yoast_head_json":{"title":"Entrena y divi\u00e9rtete - Artel Fitness Latinoam\u00e9rica","description":"desde clases de fitness hasta ritmos latinos. Disfruta de una gran variedad de estilso de entrenamiento con. una sola membres\u00eda.","robots":{"index":"index","follow":"follow","max-snippet":"max-snippet:-1","max-image-preview":"max-image-preview:large","max-video-preview":"max-video-preview:-1"},"canonical":"https:\/\/artelfitness.com\/es\/","og_locale":"es_ES","og_type":"article","og_title":"Entrena y divi\u00e9rtete - Artel Fitness Latinoam\u00e9rica","og_description":"desde clases de fitness hasta ritmos latinos. Disfruta de una gran variedad de estilso de entrenamiento con. una sola membres\u00eda.","og_url":"https:\/\/artelfitness.com\/es\/","og_site_name":"Artel Fitness Latinoam\u00e9rica","article_modified_time":"2022-04-12T02:58:50+00:00","twitter_card":"summary_large_image","twitter_misc":{"Tiempo de lectura":"5 minutos"},"schema":{"@context":"https:\/\/schema.org","@graph":[{"@type":"WebSite","@id":"https:\/\/artelfitness.com\/es\/#website","url":"https:\/\/artelfitness.com\/es\/","name":"Artel Fitness Latinoam\u00e9rica","description":"Planes de Entrenamiento","potentialAction":[{"@type":"SearchAction","target":{"@type":"EntryPoint","urlTemplate":"https:\/\/artelfitness.com\/es\/?s={search_term_string}"},"query-input":"required name=search_term_string"}],"inLanguage":"es"},{"@type":"WebPage","@id":"https:\/\/artelfitness.com\/es\/#webpage","url":"https:\/\/artelfitness.com\/es\/","name":"Entrena y divi\u00e9rtete - Artel Fitness Latinoam\u00e9rica","isPartOf":{"@id":"https:\/\/artelfitness.com\/es\/#website"},"datePublished":"2020-04-29T13:25:01+00:00","dateModified":"2022-04-12T02:58:50+00:00","description":"desde clases de fitness hasta ritmos latinos. Disfruta de una gran variedad de estilso de entrenamiento con. una sola membres\u00eda.","breadcrumb":{"@id":"https:\/\/artelfitness.com\/es\/#breadcrumb"},"inLanguage":"es","potentialAction":[{"@type":"ReadAction","target":["https:\/\/artelfitness.com\/es\/"]}]},{"@type":"BreadcrumbList","@id":"https:\/\/artelfitness.com\/es\/#breadcrumb","itemListElement":[{"@type":"ListItem","position":1,"name":"Home","item":"https:\/\/artelfitness.com\/es\/"},{"@type":"ListItem","position":2,"name":"Inicio"}]}]}},"_links":{"self":[{"href":"https:\/\/artelfitness.com\/es\/wp-json\/wp\/v2\/pages\/1117"}],"collection":[{"href":"https:\/\/artelfitness.com\/es\/wp-json\/wp\/v2\/pages"}],"about":[{"href":"https:\/\/artelfitness.com\/es\/wp-json\/wp\/v2\/types\/page"}],"author":[{"embeddable":true,"href":"https:\/\/artelfitness.com\/es\/wp-json\/wp\/v2\/users\/1"}],"replies":[{"embeddable":true,"href":"https:\/\/artelfitness.com\/es\/wp-json\/wp\/v2\/comments?post=1117"}],"version-history":[{"count":209,"href":"https:\/\/artelfitness.com\/es\/wp-json\/wp\/v2\/pages\/1117\/revisions"}],"predecessor-version":[{"id":4042,"href":"https:\/\/artelfitness.com\/es\/wp-json\/wp\/v2\/pages\/1117\/revisions\/4042"}],"wp:attachment":[{"href":"https:\/\/artelfitness.com\/es\/wp-json\/wp\/v2\/media?parent=1117"}],"curies":[{"name":"wp","href":"https:\/\/api.w.org\/{rel}","templated":true}]}}